{"id":2640,"date":"2024-02-13T06:09:57","date_gmt":"2024-02-13T06:09:57","guid":{"rendered":"https:\/\/pilsnerbarmarbella.com\/politica-de-privacidad\/"},"modified":"2024-02-23T16:11:32","modified_gmt":"2024-02-23T16:11:32","slug":"politica-de-privacidad","status":"publish","type":"page","link":"https:\/\/pilsnerbarmarbella.com\/es\/politica-de-privacidad\/","title":{"rendered":"Pol\u00edtica de privacidad"},"content":{"rendered":"\t\t<div data-elementor-type=\"wp-page\" data-elementor-id=\"2640\" class=\"elementor elementor-2640 elementor-3\" data-elementor-post-type=\"page\">\n\t\t\t\t\t\t<section class=\"elementor-section elementor-top-section elementor-element elementor-element-4b860f75 elementor-section-boxed elementor-section-height-default elementor-section-height-default\" data-id=\"4b860f75\" data-element_type=\"section\" data-settings=\"{&quot;background_background&quot;:&quot;classic&quot;,&quot;_ha_eqh_enable&quot;:false}\">\n\t\t\t\t\t\t<div class=\"elementor-container elementor-column-gap-default\">\n\t\t\t\t\t<div class=\"elementor-column elementor-col-100 elementor-top-column elementor-element elementor-element-79c52ba5\" data-id=\"79c52ba5\" data-element_type=\"column\">\n\t\t\t<div class=\"elementor-widget-wrap elementor-element-populated\">\n\t\t\t\t\t\t<div class=\"elementor-element elementor-element-2981a33 elementor-widget elementor-widget-heading\" data-id=\"2981a33\" data-element_type=\"widget\" data-widget_type=\"heading.default\">\n\t\t\t\t<div class=\"elementor-widget-container\">\n\t\t\t<style>\/*! elementor - v3.19.0 - 07-02-2024 *\/\n.elementor-heading-title{padding:0;margin:0;line-height:1}.elementor-widget-heading .elementor-heading-title[class*=elementor-size-]>a{color:inherit;font-size:inherit;line-height:inherit}.elementor-widget-heading .elementor-heading-title.elementor-size-small{font-size:15px}.elementor-widget-heading .elementor-heading-title.elementor-size-medium{font-size:19px}.elementor-widget-heading .elementor-heading-title.elementor-size-large{font-size:29px}.elementor-widget-heading .elementor-heading-title.elementor-size-xl{font-size:39px}.elementor-widget-heading .elementor-heading-title.elementor-size-xxl{font-size:59px}<\/style><h2 class=\"elementor-heading-title elementor-size-default\">  Aviso legal y pol\u00edtica de privacidad<\/h2>\t\t<\/div>\n\t\t\t\t<\/div>\n\t\t\t\t\t<\/div>\n\t\t<\/div>\n\t\t\t\t\t<\/div>\n\t\t<\/section>\n\t\t\t\t<section class=\"elementor-section elementor-top-section elementor-element elementor-element-9bd1d0c elementor-section-boxed elementor-section-height-default elementor-section-height-default\" data-id=\"9bd1d0c\" data-element_type=\"section\" data-settings=\"{&quot;_ha_eqh_enable&quot;:false}\">\n\t\t\t\t\t\t<div class=\"elementor-container elementor-column-gap-default\">\n\t\t\t\t\t<div class=\"elementor-column elementor-col-100 elementor-top-column elementor-element elementor-element-2971e88\" data-id=\"2971e88\" data-element_type=\"column\">\n\t\t\t<div class=\"elementor-widget-wrap elementor-element-populated\">\n\t\t\t\t\t\t<div class=\"elementor-element elementor-element-8c5d86b elementor-widget elementor-widget-text-editor\" data-id=\"8c5d86b\" data-element_type=\"widget\" data-widget_type=\"text-editor.default\">\n\t\t\t\t<div class=\"elementor-widget-container\">\n\t\t\t<style>\/*! elementor - v3.19.0 - 07-02-2024 *\/\n.elementor-widget-text-editor.elementor-drop-cap-view-stacked .elementor-drop-cap{background-color:#69727d;color:#fff}.elementor-widget-text-editor.elementor-drop-cap-view-framed .elementor-drop-cap{color:#69727d;border:3px solid;background-color:transparent}.elementor-widget-text-editor:not(.elementor-drop-cap-view-default) .elementor-drop-cap{margin-top:8px}.elementor-widget-text-editor:not(.elementor-drop-cap-view-default) .elementor-drop-cap-letter{width:1em;height:1em}.elementor-widget-text-editor .elementor-drop-cap{float:left;text-align:center;line-height:1;font-size:50px}.elementor-widget-text-editor .elementor-drop-cap-letter{display:inline-block}<\/style>\t\t\t\t<p>\u00daltima actualizaci\u00f3n el 21. Febrero de 2024<br>En vigor desde el 21. Febrero de 2024<\/p>\n<p>Esta Pol\u00edtica de Privacidad describe la pol\u00edtica de privacidad de Pilsner Bar Marbella, AV. DUQUE DE AHUMADA, 14, EDIF. PANOR\u00c1MICO, UBICACI\u00d3N 2, M\u00e1laga 29602, Espa\u00f1a, e-mail: info@pilsnerbarmarbella.es, tel\u00e9fono: 951 024 623 sobre la recogida, uso y divulgaci\u00f3n de tu informaci\u00f3n que recogemos cuando utilizas nuestro sitio web (https:\/\/pilsnerbarmarbella.com\/). Al acceder o utilizar el Servicio, das tu consentimiento a la recopilaci\u00f3n, uso y divulgaci\u00f3n de tu informaci\u00f3n de acuerdo con esta Pol\u00edtica de Privacidad. Si no est\u00e1s de acuerdo, no pidas el servicio.<\/p>\n<p>Podemos cambiar esta Pol\u00edtica de Privacidad en cualquier momento sin previo aviso y publicaremos la Pol\u00edtica de Privacidad revisada en el Servicio. La nueva pol\u00edtica revisada entrar\u00e1 en vigor 180 d\u00edas despu\u00e9s de la fecha en que se publique en el Servicio, y tu acceso o uso continuado del Servicio despu\u00e9s de esa fecha constituir\u00e1 tu aceptaci\u00f3n de la Pol\u00edtica de Privacidad revisada. Por ello, te recomendamos que consultes esta p\u00e1gina con regularidad.<\/p>\n<p><b>C\u00f3mo compartimos tu informaci\u00f3n:<\/b><br>No transferiremos tu informaci\u00f3n personal a terceros sin tu consentimiento, excepto en circunstancias limitadas como se describe a continuaci\u00f3n:<\/p>\n<p>&#8211; Agencias de marketing<br>&#8211; Anal\u00edtica<br>&#8211; Recogida y tratamiento de datos<\/p><p><br>Exigimos a dichos terceros que utilicen los datos personales que les transferimos \u00fanicamente para los fines para los que fueron transferidos y que no los conserven durante m\u00e1s tiempo del necesario para cumplir ese fin.<br>Tambi\u00e9n podemos revelar tu informaci\u00f3n personal para los siguientes fines: (1) para cumplir con la ley, reglamento, orden judicial u otro proceso legal aplicable; (2) para hacer cumplir tus acuerdos con nosotros, incluida esta Pol\u00edtica de Privacidad; o (3) para responder a reclamaciones de que tu uso del Servicio viola los derechos de terceros. Si el Servicio o nuestra empresa se fusionan o son adquiridos por otra empresa, tu informaci\u00f3n ser\u00e1 uno de los activos que se transfieran al nuevo propietario.<\/p>\n<p><b>Tus derechos:<\/b><br>Dependiendo de la legislaci\u00f3n aplicable, puedes tener derecho a acceder y corregir o eliminar tus datos personales o a recibir una copia de tus datos personales, a restringir u oponerte al tratamiento activo de tus datos, a pedirnos que compartamos (portemos) tus datos personales a otra entidad, a retirar cualquier consentimiento que nos hayas dado para tratar tus datos, a presentar una reclamaci\u00f3n ante una autoridad p\u00fablica y otros derechos que puedan ser pertinentes seg\u00fan la legislaci\u00f3n aplicable. Para ejercer estos derechos, puedes enviarnos un correo electr\u00f3nico a info@pilsnerbarmarbella.es. Responderemos a tu solicitud de acuerdo con la legislaci\u00f3n aplicable.<br>Ten en cuenta que si no nos permites recabar o tratar los datos personales solicitados o retiras tu consentimiento al tratamiento para los fines solicitados, es posible que no puedas acceder o utilizar los servicios para los que se solicitaron tus datos.<\/p>\n<p><b>Cookies, etc.<\/b><br>Para obtener m\u00e1s informaci\u00f3n sobre c\u00f3mo utilizamos estas tecnolog\u00edas de rastreo y tus opciones en relaci\u00f3n con ellas, te remitimos a nuestra Pol\u00edtica de Cookies.<\/p>\n<p><b>Seguridad:<\/b><br>La seguridad de tu informaci\u00f3n es importante para nosotros y utilizaremos medidas de seguridad razonables para evitar la p\u00e9rdida, el uso indebido o la alteraci\u00f3n no autorizada de tu informaci\u00f3n bajo nuestro control. Sin embargo, debido a los riesgos inherentes, no podemos garantizar una seguridad absoluta y, por lo tanto, no podemos garantizar ni asegurar la seguridad de ninguna informaci\u00f3n que nos transmitas, y lo haces por tu cuenta y riesgo.<\/p>\n<p><b>Enlaces a terceros y uso de tu informaci\u00f3n:<br><\/b>Nuestro Servicio puede contener enlaces a otros<\/p>\t\t\t\t\t\t<\/div>\n\t\t\t\t<\/div>\n\t\t\t\t\t<\/div>\n\t\t<\/div>\n\t\t\t\t\t<\/div>\n\t\t<\/section>\n\t\t\t\t<\/div>\n\t\t","protected":false},"excerpt":{"rendered":"<p>Aviso legal y pol\u00edtica de privacidad \u00daltima actualizaci\u00f3n el 21. Febrero de 2024En vigor desde el 21. Febrero de 2024 Esta Pol\u00edtica de Privacidad describe la pol\u00edtica de privacidad de Pilsner Bar Marbella, AV. DUQUE DE AHUMADA, 14, EDIF. PANOR\u00c1MICO, UBICACI\u00d3N 2, M\u00e1laga 29602, Espa\u00f1a, e-mail: info@pilsnerbarmarbella.es, tel\u00e9fono: 951 024 623 sobre la recogida, uso [&hellip;]<\/p>\n","protected":false},"author":1,"featured_media":2538,"parent":0,"menu_order":0,"comment_status":"closed","ping_status":"open","template":"elementor_header_footer","meta":{"footnotes":""},"class_list":["post-2640","page","type-page","status-publish","has-post-thumbnail","hentry"],"aioseo_notices":[],"_links":{"self":[{"href":"https:\/\/pilsnerbarmarbella.com\/es\/wp-json\/wp\/v2\/pages\/2640","targetHints":{"allow":["GET"]}}],"collection":[{"href":"https:\/\/pilsnerbarmarbella.com\/es\/wp-json\/wp\/v2\/pages"}],"about":[{"href":"https:\/\/pilsnerbarmarbella.com\/es\/wp-json\/wp\/v2\/types\/page"}],"author":[{"embeddable":true,"href":"https:\/\/pilsnerbarmarbella.com\/es\/wp-json\/wp\/v2\/users\/1"}],"replies":[{"embeddable":true,"href":"https:\/\/pilsnerbarmarbella.com\/es\/wp-json\/wp\/v2\/comments?post=2640"}],"version-history":[{"count":14,"href":"https:\/\/pilsnerbarmarbella.com\/es\/wp-json\/wp\/v2\/pages\/2640\/revisions"}],"predecessor-version":[{"id":3128,"href":"https:\/\/pilsnerbarmarbella.com\/es\/wp-json\/wp\/v2\/pages\/2640\/revisions\/3128"}],"wp:featuredmedia":[{"embeddable":true,"href":"https:\/\/pilsnerbarmarbella.com\/es\/wp-json\/wp\/v2\/media\/2538"}],"wp:attachment":[{"href":"https:\/\/pilsnerbarmarbella.com\/es\/wp-json\/wp\/v2\/media?parent=2640"}],"curies":[{"name":"wp","href":"https:\/\/api.w.org\/{rel}","templated":true}]}}