{"id":2630,"date":"2024-02-15T21:27:26","date_gmt":"2024-02-15T21:27:26","guid":{"rendered":"https:\/\/pilsnerbarmarbella.com\/politica-de-cookies\/"},"modified":"2024-02-23T16:11:45","modified_gmt":"2024-02-23T16:11:45","slug":"politica-de-cookies","status":"publish","type":"page","link":"https:\/\/pilsnerbarmarbella.com\/es\/politica-de-cookies\/","title":{"rendered":"Pol\u00edtica de cookies"},"content":{"rendered":"\t\t<div data-elementor-type=\"wp-page\" data-elementor-id=\"2630\" class=\"elementor elementor-2630 elementor-746\" data-elementor-post-type=\"page\">\n\t\t\t\t\t\t<section class=\"elementor-section elementor-top-section elementor-element elementor-element-08a201b elementor-section-boxed elementor-section-height-default elementor-section-height-default\" data-id=\"08a201b\" data-element_type=\"section\" data-settings=\"{&quot;background_background&quot;:&quot;classic&quot;,&quot;_ha_eqh_enable&quot;:false}\">\n\t\t\t\t\t\t<div class=\"elementor-container elementor-column-gap-default\">\n\t\t\t\t\t<div class=\"elementor-column elementor-col-100 elementor-top-column elementor-element elementor-element-670d0db\" data-id=\"670d0db\" data-element_type=\"column\">\n\t\t\t<div class=\"elementor-widget-wrap elementor-element-populated\">\n\t\t\t\t\t\t<div class=\"elementor-element elementor-element-c23a375 elementor-widget elementor-widget-heading\" data-id=\"c23a375\" data-element_type=\"widget\" data-widget_type=\"heading.default\">\n\t\t\t\t<div class=\"elementor-widget-container\">\n\t\t\t<style>\/*! elementor - v3.19.0 - 07-02-2024 *\/\n.elementor-heading-title{padding:0;margin:0;line-height:1}.elementor-widget-heading .elementor-heading-title[class*=elementor-size-]>a{color:inherit;font-size:inherit;line-height:inherit}.elementor-widget-heading .elementor-heading-title.elementor-size-small{font-size:15px}.elementor-widget-heading .elementor-heading-title.elementor-size-medium{font-size:19px}.elementor-widget-heading .elementor-heading-title.elementor-size-large{font-size:29px}.elementor-widget-heading .elementor-heading-title.elementor-size-xl{font-size:39px}.elementor-widget-heading .elementor-heading-title.elementor-size-xxl{font-size:59px}<\/style><h2 class=\"elementor-heading-title elementor-size-default\">Pol\u00edtica de Cookies de Pilsner Bar Marbella<\/h2>\t\t<\/div>\n\t\t\t\t<\/div>\n\t\t\t\t\t<\/div>\n\t\t<\/div>\n\t\t\t\t\t<\/div>\n\t\t<\/section>\n\t\t\t\t<section class=\"elementor-section elementor-top-section elementor-element elementor-element-3e36f44 elementor-section-boxed elementor-section-height-default elementor-section-height-default\" data-id=\"3e36f44\" data-element_type=\"section\" data-settings=\"{&quot;_ha_eqh_enable&quot;:false}\">\n\t\t\t\t\t\t<div class=\"elementor-container elementor-column-gap-default\">\n\t\t\t\t\t<div class=\"elementor-column elementor-col-100 elementor-top-column elementor-element elementor-element-27d56f2\" data-id=\"27d56f2\" data-element_type=\"column\">\n\t\t\t<div class=\"elementor-widget-wrap elementor-element-populated\">\n\t\t\t\t\t\t<div class=\"elementor-element elementor-element-664824f elementor-widget elementor-widget-text-editor\" data-id=\"664824f\" data-element_type=\"widget\" data-widget_type=\"text-editor.default\">\n\t\t\t\t<div class=\"elementor-widget-container\">\n\t\t\t<style>\/*! elementor - v3.19.0 - 07-02-2024 *\/\n.elementor-widget-text-editor.elementor-drop-cap-view-stacked .elementor-drop-cap{background-color:#69727d;color:#fff}.elementor-widget-text-editor.elementor-drop-cap-view-framed .elementor-drop-cap{color:#69727d;border:3px solid;background-color:transparent}.elementor-widget-text-editor:not(.elementor-drop-cap-view-default) .elementor-drop-cap{margin-top:8px}.elementor-widget-text-editor:not(.elementor-drop-cap-view-default) .elementor-drop-cap-letter{width:1em;height:1em}.elementor-widget-text-editor .elementor-drop-cap{float:left;text-align:center;line-height:1;font-size:50px}.elementor-widget-text-editor .elementor-drop-cap-letter{display:inline-block}<\/style>\t\t\t\t<p><span style=\"font-family: var( --e-global-typography-text-font-family ), Sans-serif; font-weight: var( --e-global-typography-text-font-weight ); font-size: 1rem;\">Esta es la pol\u00edtica de cookies de Pilsner Bar Marbella, disponible en https:\/\/pilsnerbarmarbella.com\/.<\/span><\/p>\n<p><span style=\"font-family: var( --e-global-typography-text-font-family ), Sans-serif; font-size: 1rem;\"><b>Qu\u00e9 son las cookies<\/b><\/span><\/p>\n<p><span style=\"font-family: var( --e-global-typography-text-font-family ), Sans-serif; font-weight: var( --e-global-typography-text-font-weight ); font-size: 1rem;\">Como es pr\u00e1ctica habitual en casi todos los sitios web profesionales, este sitio utiliza cookies, que son peque\u00f1os archivos que se descargan en tu ordenador para mejorar tu experiencia. Esta p\u00e1gina describe qu\u00e9 informaci\u00f3n recogen, c\u00f3mo las utilizamos y por qu\u00e9 a veces necesitamos guardar estas cookies. Tambi\u00e9n te diremos c\u00f3mo puedes evitar que se almacenen estas cookies, pero esto puede perjudicar o &#8220;romper&#8221; ciertos elementos de la funcionalidad del sitio.<\/span><\/p>\n<\/p>\n<p><b>C\u00f3mo utilizamos las cookies<\/b><\/p>\n<p><span style=\"font-family: var( --e-global-typography-text-font-family ), Sans-serif; font-weight: var( --e-global-typography-text-font-weight ); font-size: 1rem;\">Utilizamos cookies por varias razones que se detallan a continuaci\u00f3n. Desgraciadamente, no suele haber opciones est\u00e1ndar para desactivar las cookies sin desactivar por completo las funciones y caracter\u00edsticas que a\u00f1aden estos sitios. Se recomienda que dejes todas las cookies activadas si no est\u00e1s seguro de si las necesitas o no, ya que pueden utilizarse para prestar el servicio que est\u00e1s utilizando.<\/span><\/p>\n<\/p>\n<p><b>Desactivar las cookies<\/b><\/p>\n<p><span style=\"font-family: var( --e-global-typography-text-font-family ), Sans-serif; font-weight: var( --e-global-typography-text-font-weight ); font-size: 1rem;\">Puedes evitar que se instalen cookies ajustando la configuraci\u00f3n de tu navegador (consulta la Ayuda de tu navegador para saber c\u00f3mo hacerlo). Sin embargo, ten en cuenta que desactivar las cookies afectar\u00e1 a la funcionalidad de \u00e9ste y de muchos otros sitios web que visites. Deshabilitar las cookies normalmente tambi\u00e9n deshabilitar\u00e1 ciertas funciones y caracter\u00edsticas de este sitio. Por lo tanto, no se recomienda desactivar las cookies. Esta Pol\u00edtica de Cookies ha sido creada utilizando el Generador de Pol\u00edticas de Cookies.<\/span><\/p>\n<\/p>\n<p><b>Cookies que instalamos<\/b><\/p>\n<p><b>Cookies de preferencias del sitio<\/b><\/p>\n<p><span style=\"font-family: var( --e-global-typography-text-font-family ), Sans-serif; font-weight: var( --e-global-typography-text-font-weight ); font-size: 1rem;\">Para proporcionarte una gran experiencia en este sitio, proporcionamos una funcionalidad para establecer tus preferencias sobre c\u00f3mo funciona este sitio cuando lo utilizas. Para recordar tus preferencias, necesitamos instalar cookies para que esta informaci\u00f3n pueda ser consultada cada vez que interact\u00faes con un sitio influido por tus preferencias.<\/span><\/p>\n<\/p>\n<p><b>Cookies de terceros<\/b><\/p>\n<p><span style=\"font-family: var( --e-global-typography-text-font-family ), Sans-serif; font-weight: var( --e-global-typography-text-font-weight ); font-size: 1rem;\">En algunos casos especiales, tambi\u00e9n utilizamos cookies proporcionadas por terceros de confianza. La siguiente secci\u00f3n detalla qu\u00e9 cookies de terceros puedes encontrar en este sitio.<\/span><\/p>\n<p><span style=\"font-family: var( --e-global-typography-text-font-family ), Sans-serif; font-weight: var( --e-global-typography-text-font-weight ); font-size: 1rem;\">Este sitio utiliza Google Analytics, una de las soluciones anal\u00edticas m\u00e1s utilizadas y fiables de la web, para ayudarnos a comprender c\u00f3mo utilizas el sitio y c\u00f3mo podemos mejorar tu experiencia. Estas cookies pueden rastrear cosas como el tiempo que pasas en el sitio y las p\u00e1ginas que visitas para que podamos seguir creando contenidos interesantes.<\/span><\/p>\n<p><span style=\"font-family: var( --e-global-typography-text-font-family ), Sans-serif; font-weight: var( --e-global-typography-text-font-weight ); font-size: 1rem;\">Para obtener m\u00e1s informaci\u00f3n sobre las cookies de Google Analytics, consulta el sitio web oficial de Google Analytics.<\/span><\/p>\n<p><span style=\"font-family: var( --e-global-typography-text-font-family ), Sans-serif; font-weight: var( --e-global-typography-text-font-weight ); font-size: 1rem;\">De vez en cuando probamos nuevas funciones y hacemos cambios sutiles en la forma en que se ofrece el sitio. Si estamos probando nuevas funciones, estas cookies pueden utilizarse para garantizar que sigues teniendo una experiencia coherente al utilizar el sitio, y tambi\u00e9n para comprender qu\u00e9 optimizaciones valoran m\u00e1s nuestros usuarios.<\/span><\/p>\n<p><span style=\"font-family: var( --e-global-typography-text-font-family ), Sans-serif; font-weight: var( --e-global-typography-text-font-weight ); font-size: 1rem;\">Dado que vendemos productos, es importante para nosotros conocer las estad\u00edsticas sobre cu\u00e1ntos visitantes de nuestro sitio realizan realmente una compra, y como tal, estos son los datos que estas cookies rastrean. Esto es importante para ti porque significa que podemos hacer previsiones comerciales precisas que nos permiten controlar nuestros costes de publicidad y productos para asegurarnos de que obtenemos el mejor precio.<\/span><\/p>\n<p><span style=\"font-family: var( --e-global-typography-text-font-family ), Sans-serif; font-weight: var( --e-global-typography-text-font-weight ); font-size: 1rem;\">Google AdSense, que utilizamos para publicar anuncios, utiliza la cookie de DoubleClick para publicar anuncios m\u00e1s relevantes en el sitio y para limitar el n\u00famero de veces que se muestra un anuncio concreto.<\/span><\/p>\n<p>Para obtener m\u00e1s informaci\u00f3n sobre Google AdSense, consulta la p\u00e1gina oficial de Google AdSense.<\/p>\n<p>Utilizamos la publicidad para cubrir los costes de<span style=\"font-family: var( --e-global-typography-text-font-family ), Sans-serif; font-weight: var( --e-global-typography-text-font-weight ); font-size: 1rem;\">oz este sitio y proporcionar financiaci\u00f3n para un mayor desarrollo. Las cookies de comportamiento utilizadas por este sitio est\u00e1n dise\u00f1adas para ofrecerte los anuncios m\u00e1s relevantes, siempre que sea posible, de forma an\u00f3nima, rastreando tus intereses y mostr\u00e1ndote cosas similares que puedan interesarte.<\/span><\/p>\n<p><span style=\"font-family: var( --e-global-typography-text-font-family ), Sans-serif; font-weight: var( --e-global-typography-text-font-weight ); font-size: 1rem;\">Varios socios se anuncian en nuestro sitio y las cookies de seguimiento de afiliados simplemente nos permiten ver si nuestros clientes han llegado al sitio a trav\u00e9s de uno de nuestros sitios asociados para que podamos ponerles el precio correspondiente y, en su caso, permitir que nuestros sitios asociados te proporcionen las bonificaciones que puedan ofrecerte por tu compra.<\/span><\/p>\n<p><span style=\"font-family: var( --e-global-typography-text-font-family ), Sans-serif; font-weight: var( --e-global-typography-text-font-weight ); font-size: 1rem;\">Tambi\u00e9n utilizamos botones y\/o plugins de redes sociales en este sitio que te permiten conectar con tu red social de diversas formas. Para que estos botones funcionen, las redes sociales, incluidas; {Por favor, enumera las redes sociales cuyas funciones has integrado en tu p\u00e1gina?:12}, establecen cookies a trav\u00e9s de nuestro sitio que pueden utilizarse para mejorar tu perfil en su sitio o para contribuir a los datos que poseen con diversos fines, tal y como se describe en sus respectivas pol\u00edticas de privacidad.<\/span><\/p>\n<\/p>\n<p><b>M\u00e1s informaci\u00f3n<\/b><\/p>\n<p><span style=\"font-family: var( --e-global-typography-text-font-family ), Sans-serif; font-weight: var( --e-global-typography-text-font-weight ); font-size: 1rem;\">Esperamos que esto te haya aclarado las cosas y, como ya hemos dicho, si hay algo que no est\u00e1s seguro de si necesitas o no, normalmente es m\u00e1s seguro dejar las cookies activadas si interact\u00faan con alguna de las funciones que utilizas en nuestro sitio.<\/span><\/p>\n<p><span style=\"font-family: var( --e-global-typography-text-font-family ), Sans-serif; font-weight: var( --e-global-typography-text-font-weight ); font-size: 1rem;\">No obstante, si sigues buscando m\u00e1s informaci\u00f3n, puedes ponerte en contacto con nosotros a trav\u00e9s de uno de nuestros m\u00e9todos de contacto preferidos:<\/span><\/p>\n<p><span style=\"font-family: var( --e-global-typography-text-font-family ), Sans-serif; font-weight: var( --e-global-typography-text-font-weight ); font-size: 1rem;\">Tel\u00e9fono: +34 659 27 90 85<\/span><\/p>\n\t\t\t\t\t\t<\/div>\n\t\t\t\t<\/div>\n\t\t\t\t\t<\/div>\n\t\t<\/div>\n\t\t\t\t\t<\/div>\n\t\t<\/section>\n\t\t\t\t<\/div>\n\t\t","protected":false},"excerpt":{"rendered":"<p>Pol\u00edtica de Cookies de Pilsner Bar Marbella Esta es la pol\u00edtica de cookies de Pilsner Bar Marbella, disponible en https:\/\/pilsnerbarmarbella.com\/. Qu\u00e9 son las cookies Como es pr\u00e1ctica habitual en casi todos los sitios web profesionales, este sitio utiliza cookies, que son peque\u00f1os archivos que se descargan en tu ordenador para mejorar tu experiencia. Esta p\u00e1gina [&hellip;]<\/p>\n","protected":false},"author":1,"featured_media":2538,"parent":0,"menu_order":0,"comment_status":"closed","ping_status":"open","template":"elementor_header_footer","meta":{"footnotes":""},"class_list":["post-2630","page","type-page","status-publish","has-post-thumbnail","hentry"],"aioseo_notices":[],"_links":{"self":[{"href":"https:\/\/pilsnerbarmarbella.com\/es\/wp-json\/wp\/v2\/pages\/2630","targetHints":{"allow":["GET"]}}],"collection":[{"href":"https:\/\/pilsnerbarmarbella.com\/es\/wp-json\/wp\/v2\/pages"}],"about":[{"href":"https:\/\/pilsnerbarmarbella.com\/es\/wp-json\/wp\/v2\/types\/page"}],"author":[{"embeddable":true,"href":"https:\/\/pilsnerbarmarbella.com\/es\/wp-json\/wp\/v2\/users\/1"}],"replies":[{"embeddable":true,"href":"https:\/\/pilsnerbarmarbella.com\/es\/wp-json\/wp\/v2\/comments?post=2630"}],"version-history":[{"count":10,"href":"https:\/\/pilsnerbarmarbella.com\/es\/wp-json\/wp\/v2\/pages\/2630\/revisions"}],"predecessor-version":[{"id":3127,"href":"https:\/\/pilsnerbarmarbella.com\/es\/wp-json\/wp\/v2\/pages\/2630\/revisions\/3127"}],"wp:featuredmedia":[{"embeddable":true,"href":"https:\/\/pilsnerbarmarbella.com\/es\/wp-json\/wp\/v2\/media\/2538"}],"wp:attachment":[{"href":"https:\/\/pilsnerbarmarbella.com\/es\/wp-json\/wp\/v2\/media?parent=2630"}],"curies":[{"name":"wp","href":"https:\/\/api.w.org\/{rel}","templated":true}]}}